{"id":115,"date":"2019-10-02T12:02:29","date_gmt":"2019-10-02T10:02:29","guid":{"rendered":"http:\/\/massipadvocats.cat\/?page_id=115\/"},"modified":"2026-04-13T09:21:45","modified_gmt":"2026-04-13T07:21:45","slug":"nous-contacter","status":"publish","type":"page","link":"https:\/\/massipadvocats.cat\/fr\/nous-contacter\/","title":{"rendered":"Nous Contacter"},"content":{"rendered":"<div class=\"row\"> <div class=\"col-md-6\">\n<p>Pour vous mettre en contact avec nous vous pouvez nous appeler, nous adresser un mail ou venir au cabinet pendant les heures d&rsquo;ouverture.<br \/>\n<strong>Consultez-nous sans compromis aucun.<\/strong><br \/>\nSi vous d\u00e9sirez que l&rsquo;on vous oriente ou l&rsquo;on vous donne une premi\u00e8re opinion ainsi qu&rsquo;une pr\u00e9vision approximative du co\u00fbt, envoyez-nous votre consultation.<\/p>\n\n<div class=\"wpcf7 no-js\" id=\"wpcf7-f117-o1\" lang=\"es-ES\" dir=\"ltr\" data-wpcf7-id=\"117\">\n<div class=\"screen-reader-response\"><p role=\"status\" aria-live=\"polite\" aria-atomic=\"true\"><\/p> <ul><\/ul><\/div>\n<form action=\"\/fr\/wp-json\/wp\/v2\/pages\/115#wpcf7-f117-o1\" method=\"post\" class=\"wpcf7-form init\" aria-label=\"Formulario de contacto\" novalidate=\"novalidate\" data-status=\"init\">\n<fieldset class=\"hidden-fields-container\"><input type=\"hidden\" name=\"_wpcf7\" value=\"117\" \/><input type=\"hidden\" name=\"_wpcf7_version\" value=\"6.1.5\" \/><input type=\"hidden\" name=\"_wpcf7_locale\" value=\"es_ES\" \/><input type=\"hidden\" name=\"_wpcf7_unit_tag\" value=\"wpcf7-f117-o1\" \/><input type=\"hidden\" name=\"_wpcf7_container_post\" value=\"0\" \/><input type=\"hidden\" name=\"_wpcf7_posted_data_hash\" value=\"\" \/><input type=\"hidden\" name=\"_wpcf7_recaptcha_response\" value=\"\" \/>\n<\/fieldset>\n<p><label> Nom et pr\u00e9nom:: (obligatoire)<br \/>\n<span class=\"wpcf7-form-control-wrap\" data-name=\"your-name\"><input size=\"40\" maxlength=\"400\" class=\"wpcf7-form-control wpcf7-text wpcf7-validates-as-required\" aria-required=\"true\" aria-invalid=\"false\" value=\"\" type=\"text\" name=\"your-name\" \/><\/span> <\/label>\n<\/p>\n<p><label> Votre e-mail:: ( obligatoire)<br \/>\n<span class=\"wpcf7-form-control-wrap\" data-name=\"your-email\"><input size=\"40\" maxlength=\"400\" class=\"wpcf7-form-control wpcf7-email wpcf7-validates-as-required wpcf7-text wpcf7-validates-as-email\" aria-required=\"true\" aria-invalid=\"false\" value=\"\" type=\"email\" name=\"your-email\" \/><\/span> <\/label>\n<\/p>\n<p><label> Sujet::<br \/>\n<span class=\"wpcf7-form-control-wrap\" data-name=\"your-subject\"><input size=\"40\" maxlength=\"400\" class=\"wpcf7-form-control wpcf7-text\" aria-invalid=\"false\" value=\"\" type=\"text\" name=\"your-subject\" \/><\/span> <\/label>\n<\/p>\n<p><label> Message::<br \/>\n<span class=\"wpcf7-form-control-wrap\" data-name=\"your-message\"><textarea cols=\"40\" rows=\"10\" maxlength=\"2000\" class=\"wpcf7-form-control wpcf7-textarea\" aria-invalid=\"false\" name=\"your-message\"><\/textarea><\/span> <\/label>\n<\/p>\n<p><span class=\"wpcf7-form-control-wrap\" data-name=\"accept-this-1\"><span class=\"wpcf7-form-control wpcf7-acceptance\"><span class=\"wpcf7-list-item\"><input type=\"checkbox\" name=\"accept-this-1\" value=\"1\" aria-invalid=\"false\" \/><\/span><\/span><\/span> J'ai lu et j'accepte la politique de confidentialit\u00e9. <a href=\"http:\/\/massipadvocats.cat\/politica-de-privacitat\/\" target=\"_blank\" rel=\"noopener\">Pol\u00edtica de privacitat<\/a> Llegir les condicions\n<\/p>\n<p><input class=\"wpcf7-form-control wpcf7-submit has-spinner\" type=\"submit\" value=\"Envoyer\" \/>\n<\/p><div class=\"wpcf7-response-output\" aria-hidden=\"true\"><\/div>\n<\/form>\n<\/div>\n\n<\/div><div class=\"col-md-6\">\n<p style=\"text-align: center;\">42, rue Escoles Pies, rdc \/ 17520 Puigcerd\u00e0 \/\/ T\u00e9l.\u00a0: 0034 972 140 150 Fax\u00a0: 0034 972 140 682<br \/>\nDe lundi \u00e0 vendredi, de 9,30 \u00e0 14h, les apr\u00e8s-midi sur rendez-vous.<br \/>\n<strong>Il est pr\u00e9f\u00e9rable de prendre rendez-vous.<\/strong><\/p>\n<h3 style=\"text-align: center;\"><strong><a href=\"https:\/\/www.serveisactius.cat\/cerdanya\/advocats-puigcerda\">-Informations de service mises \u00e0 jour-<\/a><\/strong><\/h3>\n<p style=\"text-align: center;\">e-mail:: juridic@massipadvocats.cat<\/p>\n<p style=\"text-align: center;\"><iframe loading=\"lazy\" style=\"border: 0;\" src=\"https:\/\/www.google.com\/maps\/embed?pb=!1m18!1m12!1m3!1d2944.8003074321036!2d1.9274304154585655!3d42.431985279182115!2m3!1f0!2f0!3f0!3m2!1i1024!2i768!4f13.1!3m3!1m2!1s0x12a57bbf55cd5635%3A0xdbbe90d5708817dc!2sCarrer+de+les+Escoles+Pies%2C+42%2C+17520+Puigcerd%C3%A0%2C+Girona!5e0!3m2!1sca!2ses!4v1513076018785\" width=\"500\" height=\"500\" frameborder=\"0\" allowfullscreen=\"allowfullscreen\" data-mce-fragment=\"1\"><\/iframe><\/p>\n<\/div><\/div>\n","protected":false},"excerpt":{"rendered":"","protected":false},"author":1,"featured_media":0,"parent":0,"menu_order":0,"comment_status":"closed","ping_status":"closed","template":"","meta":{"footnotes":""},"class_list":["post-115","page","type-page","status-publish","hentry"],"_links":{"self":[{"href":"https:\/\/massipadvocats.cat\/fr\/wp-json\/wp\/v2\/pages\/115","targetHints":{"allow":["GET"]}}],"collection":[{"href":"https:\/\/massipadvocats.cat\/fr\/wp-json\/wp\/v2\/pages"}],"about":[{"href":"https:\/\/massipadvocats.cat\/fr\/wp-json\/wp\/v2\/types\/page"}],"author":[{"embeddable":true,"href":"https:\/\/massipadvocats.cat\/fr\/wp-json\/wp\/v2\/users\/1"}],"replies":[{"embeddable":true,"href":"https:\/\/massipadvocats.cat\/fr\/wp-json\/wp\/v2\/comments?post=115"}],"version-history":[{"count":6,"href":"https:\/\/massipadvocats.cat\/fr\/wp-json\/wp\/v2\/pages\/115\/revisions"}],"predecessor-version":[{"id":281,"href":"https:\/\/massipadvocats.cat\/fr\/wp-json\/wp\/v2\/pages\/115\/revisions\/281"}],"wp:attachment":[{"href":"https:\/\/massipadvocats.cat\/fr\/wp-json\/wp\/v2\/media?parent=115"}],"curies":[{"name":"wp","href":"https:\/\/api.w.org\/{rel}","templated":true}]}}