{"id":113,"date":"2019-10-02T11:59:46","date_gmt":"2019-10-02T09:59:46","guid":{"rendered":"http:\/\/massipadvocats.cat\/?page_id=113\/"},"modified":"2019-10-02T11:59:46","modified_gmt":"2019-10-02T09:59:46","slug":"accueil","status":"publish","type":"page","link":"https:\/\/massipadvocats.cat\/fr\/","title":{"rendered":"Accueil"},"content":{"rendered":"<blockquote><p>Massip Avocats, Avocats \u00e0 Puigcerd\u00e0, nous sommes sp\u00e9cialis\u00e9sdans la r\u00e9solution de conflits, notre vocation pour la r\u00e9solution d&rsquo;affaires complexes nous caract\u00e9rise.<\/p><\/blockquote>\n","protected":false},"excerpt":{"rendered":"<p>Massip Avocats, Avocats \u00e0 Puigcerd\u00e0, nous sommes sp\u00e9cialis\u00e9sdans la r\u00e9solution de conflits, notre vocation pour la r\u00e9solution d&rsquo;affaires complexes nous caract\u00e9rise.<\/p>\n","protected":false},"author":1,"featured_media":0,"parent":0,"menu_order":0,"comment_status":"closed","ping_status":"closed","template":"","meta":{"footnotes":""},"class_list":["post-113","page","type-page","status-publish","hentry"],"_links":{"self":[{"href":"https:\/\/massipadvocats.cat\/fr\/wp-json\/wp\/v2\/pages\/113","targetHints":{"allow":["GET"]}}],"collection":[{"href":"https:\/\/massipadvocats.cat\/fr\/wp-json\/wp\/v2\/pages"}],"about":[{"href":"https:\/\/massipadvocats.cat\/fr\/wp-json\/wp\/v2\/types\/page"}],"author":[{"embeddable":true,"href":"https:\/\/massipadvocats.cat\/fr\/wp-json\/wp\/v2\/users\/1"}],"replies":[{"embeddable":true,"href":"https:\/\/massipadvocats.cat\/fr\/wp-json\/wp\/v2\/comments?post=113"}],"version-history":[{"count":1,"href":"https:\/\/massipadvocats.cat\/fr\/wp-json\/wp\/v2\/pages\/113\/revisions"}],"predecessor-version":[{"id":114,"href":"https:\/\/massipadvocats.cat\/fr\/wp-json\/wp\/v2\/pages\/113\/revisions\/114"}],"wp:attachment":[{"href":"https:\/\/massipadvocats.cat\/fr\/wp-json\/wp\/v2\/media?parent=113"}],"curies":[{"name":"wp","href":"https:\/\/api.w.org\/{rel}","templated":true}]}}