{"id":131,"date":"2019-11-28T06:35:40","date_gmt":"2019-11-28T05:35:40","guid":{"rendered":"http:\/\/massipadvocats.cat\/?page_id=131\/"},"modified":"2026-04-13T11:09:30","modified_gmt":"2026-04-13T09:09:30","slug":"servicios","status":"publish","type":"page","link":"https:\/\/massipadvocats.cat\/es\/servicios\/","title":{"rendered":"Servicios"},"content":{"rendered":"<blockquote><p>Cualquier asunto se inicia con un asesoramiento. Un asesoramiento incluye la explicaci\u00f3n de las posibilidades y de los riesgos y una previsi\u00f3n de los costes.<br \/>\nUn asesoramiento simple sobre un asunto, que no requiera el examen de documentaci\u00f3n, tiene un precio orientativo de unos 50 euros. Si hace falta una respuesta por escrito el precio es de 100 euros. Hay que consultar el caso concreto para acordar los honorarios.<br \/>\nEl despacho trata asuntos en tres grandes \u00e1reas del derecho: el derecho civil\/mercantil, el derecho penal y el derecho administrativo.<\/p>\n<p><span style=\"font-size: 14px;\"><div class=\"hrule clearfix\"><\/div><\/span><\/p>\n<p><strong>Derecho Civil &#8211; Mercantil<\/strong><\/p>\n<p>Algunos de los temas que lleva el despacho son:<\/p>\n<p>. Consumidores y usuarios.<\/p>\n<p>. Responsabilidad civil.<\/p>\n<p>. Accidentes de circulaci\u00f3n.<\/p>\n<p>. Seguros.<\/p>\n<p>. Arrendamientos r\u00fasticos y urbanos. Desahucios.<\/p>\n<p>. Contratos civiles y mercantiles.<\/p>\n<p>. Familia. Separaciones y divorcios.<\/p>\n<p>. Sucesiones.<\/p>\n<p>. Derecho inmobiliario y registral.<\/p>\n<p>. Derechos reales.<\/p>\n<p>. Relaciones de vecindad e inmisiones.<\/p>\n<p>. Responsabilidad de los administradores.<\/p>\n<p>. Defectos constructivos.<\/p>\n<p>. Concurso de acreedores de persona f\u00edsica.<\/p>\n<p>. Sociedad mercantiles y civiles.<\/p>\n<div class=\"hrule clearfix\"><\/div>\n<p><strong>Derecho Penal<\/strong><\/p>\n<p>Algunos de los temas que lleva el despacho son:<\/p>\n<p>. Delitos de violencia de g\u00e9nero y violencia dom\u00e9stica.<\/p>\n<p>. Delitos contra la seguridad del tr\u00e1fico.\u00a0Conducir bajo la influencia de bebidas alcoh\u00f3licas.<\/p>\n<p>. Delitos de lesiones.<\/p>\n<p>. Delitos contra la libertad individual. Amenazas, coacciones, acoso.<\/p>\n<p>. Delitos contra la salud. Tr\u00e1fico de drogas.<\/p>\n<p>. Delitos contra el patrimonio. Hurto, robo, estafa, apropiaci\u00f3n indebida.<\/p>\n<p>. Delitos contra el medio ambiente.\u00a0Ruidos.<\/p>\n<p>. Delitos societarios.<\/p>\n<p>. Delitos contra la administraci\u00f3n p\u00fablica y contra la administraci\u00f3n de justicia.<\/p>\n<p>. Delitos contra el orden p\u00fablico. Atentado y desobediencia a la autoridad.<\/p>\n<p>. Delitos contra la constituci\u00f3n.<\/p>\n<div class=\"hrule clearfix\"><\/div>\n<p><strong>Derecho administrativo<\/strong><\/p>\n<p>Algunos de los temas que lleva el despacho son:<\/p>\n<p>. Nacionalidad y extranjer\u00eda. Impugnaci\u00f3n contra denegaciones.<\/p>\n<p>. Responsabilidad patrimonial contra la administraci\u00f3n.<\/p>\n<p>. Deudas con la seguridad social.<\/p>\n<p>. Invalidez.<\/p>\n<p>. Sanciones de tr\u00e1fico.<\/p>\n<p>. Sanciones tributarias y de la seguridad social.<\/p>\n<p>. Licencias administrativas. Impugnaciones contra su denegaci\u00f3n.<\/p>\n<p>.\u00a0Tributos, impuestos y tasas.<\/p>\n<p>. Derecho tributario y de la seguridad social. Sanciones, liquidaciones y recaudaci\u00f3n<\/p><\/blockquote>\n<div class=\"hrule clearfix\"><\/div>\n<div class=\"space_40 clearfix\"><\/div>\n","protected":false},"excerpt":{"rendered":"<p>Cualquier asunto se inicia con un asesoramiento. Un asesoramiento incluye la explicaci\u00f3n de las posibilidades y de los riesgos y una previsi\u00f3n de los costes. Un asesoramiento simple sobre un asunto, que no requiera el examen de documentaci\u00f3n, tiene un &hellip; <a href=\"https:\/\/massipadvocats.cat\/es\/servicios\/\">Leer m\u00e1s<\/a><\/p>\n","protected":false},"author":1,"featured_media":0,"parent":0,"menu_order":0,"comment_status":"closed","ping_status":"closed","template":"","meta":{"footnotes":""},"class_list":["post-131","page","type-page","status-publish","hentry"],"_links":{"self":[{"href":"https:\/\/massipadvocats.cat\/es\/wp-json\/wp\/v2\/pages\/131","targetHints":{"allow":["GET"]}}],"collection":[{"href":"https:\/\/massipadvocats.cat\/es\/wp-json\/wp\/v2\/pages"}],"about":[{"href":"https:\/\/massipadvocats.cat\/es\/wp-json\/wp\/v2\/types\/page"}],"author":[{"embeddable":true,"href":"https:\/\/massipadvocats.cat\/es\/wp-json\/wp\/v2\/users\/1"}],"replies":[{"embeddable":true,"href":"https:\/\/massipadvocats.cat\/es\/wp-json\/wp\/v2\/comments?post=131"}],"version-history":[{"count":7,"href":"https:\/\/massipadvocats.cat\/es\/wp-json\/wp\/v2\/pages\/131\/revisions"}],"predecessor-version":[{"id":292,"href":"https:\/\/massipadvocats.cat\/es\/wp-json\/wp\/v2\/pages\/131\/revisions\/292"}],"wp:attachment":[{"href":"https:\/\/massipadvocats.cat\/es\/wp-json\/wp\/v2\/media?parent=131"}],"curies":[{"name":"wp","href":"https:\/\/api.w.org\/{rel}","templated":true}]}}