{"id":123,"date":"2019-11-28T06:31:20","date_gmt":"2019-11-28T05:31:20","guid":{"rendered":"http:\/\/massipadvocats.cat\/?page_id=123\/"},"modified":"2026-02-02T12:40:11","modified_gmt":"2026-02-02T11:40:11","slug":"quienes-somos","status":"publish","type":"page","link":"https:\/\/massipadvocats.cat\/es\/quienes-somos\/","title":{"rendered":"Como somos"},"content":{"rendered":"<div class=\"space_80 clearfix\"><\/div>\n<h2><\/h2>\n<div class=\"row\"> <div class=\"col-md-6\">\n<h2 style=\"text-align: left;\"><span style=\"color: #ff6600;\">Asesoramiento preventivo.<\/span><\/h2>\n<h3 style=\"text-align: left;\"><span style=\"color: #ff6600;\">Una consulta a tiempo ahorra dinero y males de jefes, da tranquilidad y puede evitar conflictos posteriores. Facilita la resoluci\u00f3n de los conflictos y conduce a mejores resultados en la consecuci\u00f3n de nuestros objetivos.<\/span><\/h3>\n<hr \/>\n<h2 style=\"text-align: right;\"><strong><span style=\"color: #800000;\">Cada asunto es un asunto nuevo.<\/span><\/strong><\/h2>\n<h4><span style=\"color: #d14949;\">Cada asunto, cada conflicto es un reto para enfrentar de forma creativa la mejor soluci\u00f3n.<\/span><\/h4>\n<p><span style=\"color: #800000;\"><\/div><div class=\"col-md-6\"><\/span><\/p>\n<h4><\/h4>\n<h2><strong><span style=\"color: #0000ff;\">Vocaci\u00f3n y Experiencia en la Resoluci\u00f3n de Conflictos Complejos.<\/span><\/strong><\/h2>\n<h3><span style=\"color: #3366ff;\">Con un enfoque experto en derecho, buscamos soluciones eficaces y justas para nuestros clientes.<\/span><\/h3>\n<h3><\/h3>\n<h3><\/h3>\n<hr \/>\n<h2 style=\"text-align: right;\"><strong>Conocimiento inter-disciplinar.<\/strong><\/h2>\n<h4 style=\"text-align: right;\"><span style=\"color: #706262;\"><br \/>\nLa correcta y cumplida resoluci\u00f3n de un conflicto requiere la aplicaci\u00f3n y el conocimiento de var\u00edas \u00e1reas del derecho.<\/span><\/h4>\n<p><span style=\"color: #339966;\"><\/div><\/div><\/span><\/p>\n<hr \/>\n<h2 style=\"text-align: center;\"><strong><span style=\"color: #008000;\">Hace falta conocimiento y experiencia ante los Juzgados y tribunales.<\/span><\/strong><\/h2>\n<h4 style=\"text-align: center;\"><span style=\"color: #339966;\"><span lang=\"ES\">Es fundamental esta profesionalidad para poder asesorar correctamente y resolver cualquier conflicto. Esto nos permite llegar a la mejor soluci\u00f3n posible.<\/span><\/span><\/h4>\n<div class=\"hrule clearfix\"><\/div>\n<div class=\"space_40 clearfix\"><\/div>\n","protected":false},"excerpt":{"rendered":"<p>Hace falta conocimiento y experiencia ante los Juzgados y tribunales. Es fundamental esta profesionalidad para poder asesorar correctamente y resolver cualquier conflicto. Esto nos permite llegar a la mejor soluci\u00f3n posible.<\/p>\n","protected":false},"author":1,"featured_media":0,"parent":0,"menu_order":0,"comment_status":"closed","ping_status":"closed","template":"","meta":{"footnotes":""},"class_list":["post-123","page","type-page","status-publish","hentry"],"_links":{"self":[{"href":"https:\/\/massipadvocats.cat\/es\/wp-json\/wp\/v2\/pages\/123","targetHints":{"allow":["GET"]}}],"collection":[{"href":"https:\/\/massipadvocats.cat\/es\/wp-json\/wp\/v2\/pages"}],"about":[{"href":"https:\/\/massipadvocats.cat\/es\/wp-json\/wp\/v2\/types\/page"}],"author":[{"embeddable":true,"href":"https:\/\/massipadvocats.cat\/es\/wp-json\/wp\/v2\/users\/1"}],"replies":[{"embeddable":true,"href":"https:\/\/massipadvocats.cat\/es\/wp-json\/wp\/v2\/comments?post=123"}],"version-history":[{"count":11,"href":"https:\/\/massipadvocats.cat\/es\/wp-json\/wp\/v2\/pages\/123\/revisions"}],"predecessor-version":[{"id":279,"href":"https:\/\/massipadvocats.cat\/es\/wp-json\/wp\/v2\/pages\/123\/revisions\/279"}],"wp:attachment":[{"href":"https:\/\/massipadvocats.cat\/es\/wp-json\/wp\/v2\/media?parent=123"}],"curies":[{"name":"wp","href":"https:\/\/api.w.org\/{rel}","templated":true}]}}