{"id":119,"date":"2019-10-02T12:31:10","date_gmt":"2019-10-02T10:31:10","guid":{"rendered":"http:\/\/massipadvocats.cat\/?page_id=119\/"},"modified":"2026-01-28T13:03:22","modified_gmt":"2026-01-28T12:03:22","slug":"inicio","status":"publish","type":"page","link":"https:\/\/massipadvocats.cat\/es\/","title":{"rendered":"Inicio"},"content":{"rendered":"<blockquote><p>Abogados en Puigcerd\u00e1, MASSIP ADVOCATS, estamos especializados en resoluci\u00f3n de conflictos, nos caracterizamos por nuestra vocaci\u00f3n y experiencia por la resoluci\u00f3n de asuntos complejos.<\/p><\/blockquote>\n","protected":false},"excerpt":{"rendered":"<p>Abogados en Puigcerd\u00e1, MASSIP ADVOCATS, estamos especializados en resoluci\u00f3n de conflictos, nos caracterizamos por nuestra vocaci\u00f3n y experiencia por la resoluci\u00f3n de asuntos complejos.<\/p>\n","protected":false},"author":1,"featured_media":0,"parent":0,"menu_order":0,"comment_status":"closed","ping_status":"closed","template":"","meta":{"footnotes":""},"class_list":["post-119","page","type-page","status-publish","hentry"],"_links":{"self":[{"href":"https:\/\/massipadvocats.cat\/es\/wp-json\/wp\/v2\/pages\/119","targetHints":{"allow":["GET"]}}],"collection":[{"href":"https:\/\/massipadvocats.cat\/es\/wp-json\/wp\/v2\/pages"}],"about":[{"href":"https:\/\/massipadvocats.cat\/es\/wp-json\/wp\/v2\/types\/page"}],"author":[{"embeddable":true,"href":"https:\/\/massipadvocats.cat\/es\/wp-json\/wp\/v2\/users\/1"}],"replies":[{"embeddable":true,"href":"https:\/\/massipadvocats.cat\/es\/wp-json\/wp\/v2\/comments?post=119"}],"version-history":[{"count":2,"href":"https:\/\/massipadvocats.cat\/es\/wp-json\/wp\/v2\/pages\/119\/revisions"}],"predecessor-version":[{"id":262,"href":"https:\/\/massipadvocats.cat\/es\/wp-json\/wp\/v2\/pages\/119\/revisions\/262"}],"wp:attachment":[{"href":"https:\/\/massipadvocats.cat\/es\/wp-json\/wp\/v2\/media?parent=119"}],"curies":[{"name":"wp","href":"https:\/\/api.w.org\/{rel}","templated":true}]}}